{"id":66,"date":"2017-03-27T19:43:25","date_gmt":"2017-03-27T17:43:25","guid":{"rendered":"http:\/\/jiujitsu-frauenkirchen.at\/?page_id=66"},"modified":"2023-12-07T13:30:05","modified_gmt":"2023-12-07T11:30:05","slug":"vorstand","status":"publish","type":"page","link":"https:\/\/www.jiujitsu-frauenkirchen.at\/?page_id=66","title":{"rendered":"Vorstand"},"content":{"rendered":"\n<p><strong>Bei der Generalversammlung am 03.03.2023 wurde ein neuer Vorstand gew\u00e4hlt:<\/strong><\/p>\n\n\n\n<div class=\"wp-container-2 wp-block-columns\">\n<div class=\"wp-container-1 wp-block-column\" style=\"flex-basis:100%\">\n<table>\n<tr><td>Obmann:<\/td> <td>Thomas Janisch<td> <\/tr>\n<tr><td>Obmann-Stellvertreter:<\/td> <td>Ronald Rigo<\/td><\/tr>\n<tr><td>Kassier:<\/td> <td>Ruth Wuscher-Gottfried<\/td><\/tr>\n<tr><td>Schriftf\u00fchrer:<\/td> <td>Denise Schmidt<\/td><\/tr>\n<tr><td>Schriftf\u00fchrer Stellvertreter:<\/td> <td> Karina Schmidt<\/td><\/tr>\n<tr><td>Kontrolle:<\/td> <td>Elisabeth Schwarz<\/td><\/tr>\n<tr><td>Kontrolle:<\/td> <td>Manfred Pfeffer<\/td><\/tr>\n<tr><td>Sportlicher Leiter:<\/td> <td>Gerhard Weiss<\/td><\/tr>\n<tr><td>Beirat:<\/td> <td>Robert Czucz<\/td><\/tr>\n<tr><td><\/td><td>Robert Groschner <\/td><\/tr>\n<tr><td><\/td><td>Erich Metcher <\/td><\/tr>\n<tr><td><\/td><td>Albert Weiss<\/td><\/tr>\n<tr><td><\/td><td>Walter Weiss<\/td><\/tr>\n<\/table>\n<\/div>\n<\/div>\n\n\n\n<p><\/p>\n","protected":false},"excerpt":{"rendered":"<p>Bei der Generalversammlung am 03.03.2023 wurde ein neuer Vorstand gew\u00e4hlt: Obmann: Thomas Janisch Obmann-Stellvertreter: Ronald Rigo Kassier: Ruth Wuscher-Gottfried Schriftf\u00fchrer: Denise Schmidt Schriftf\u00fchrer Stellvertreter: Karina Schmidt Kontrolle: Elisabeth Schwarz Kontrolle: Manfred Pfeffer Sportlicher Leiter: Gerhard Weiss Beirat: Robert Czucz Robert &hellip; <a href=\"https:\/\/www.jiujitsu-frauenkirchen.at\/?page_id=66\">Weiterlesen <span class=\"meta-nav\">&rarr;<\/span><\/a><\/p>\n","protected":false},"author":4,"featured_media":0,"parent":32,"menu_order":0,"comment_status":"closed","ping_status":"closed","template":"","meta":[],"_links":{"self":[{"href":"https:\/\/www.jiujitsu-frauenkirchen.at\/index.php?rest_route=\/wp\/v2\/pages\/66"}],"collection":[{"href":"https:\/\/www.jiujitsu-frauenkirchen.at\/index.php?rest_route=\/wp\/v2\/pages"}],"about":[{"href":"https:\/\/www.jiujitsu-frauenkirchen.at\/index.php?rest_route=\/wp\/v2\/types\/page"}],"author":[{"embeddable":true,"href":"https:\/\/www.jiujitsu-frauenkirchen.at\/index.php?rest_route=\/wp\/v2\/users\/4"}],"replies":[{"embeddable":true,"href":"https:\/\/www.jiujitsu-frauenkirchen.at\/index.php?rest_route=%2Fwp%2Fv2%2Fcomments&post=66"}],"version-history":[{"count":14,"href":"https:\/\/www.jiujitsu-frauenkirchen.at\/index.php?rest_route=\/wp\/v2\/pages\/66\/revisions"}],"predecessor-version":[{"id":1722,"href":"https:\/\/www.jiujitsu-frauenkirchen.at\/index.php?rest_route=\/wp\/v2\/pages\/66\/revisions\/1722"}],"up":[{"embeddable":true,"href":"https:\/\/www.jiujitsu-frauenkirchen.at\/index.php?rest_route=\/wp\/v2\/pages\/32"}],"wp:attachment":[{"href":"https:\/\/www.jiujitsu-frauenkirchen.at\/index.php?rest_route=%2Fwp%2Fv2%2Fmedia&parent=66"}],"curies":[{"name":"wp","href":"https:\/\/api.w.org\/{rel}","templated":true}]}}