{"id":38,"date":"2011-09-17T09:12:12","date_gmt":"2011-09-17T09:12:12","guid":{"rendered":"http:\/\/jiujitsu-frauenkirchen.at\/?page_id=38"},"modified":"2025-02-10T20:32:03","modified_gmt":"2025-02-10T18:32:03","slug":"chronik","status":"publish","type":"page","link":"https:\/\/www.jiujitsu-frauenkirchen.at\/?page_id=38","title":{"rendered":"Chronik"},"content":{"rendered":"<p><strong>Der Jiu Jitsu Club Shobu Frauenkirchen<br \/>\n<strong>Jiu Jitsu Sport im Burgenland<\/strong><\/strong><\/p>\n<p><strong>Die Geschichte<\/strong><br \/>\nAm 15. M\u00e4rz 1980 fand die erste Sitzung zur Gr\u00fcndung des Jiu Jitsu Club Shobu St. Andr\u00e4 statt. Der dreifache Staatsmeister Georg Pfeffer erl\u00e4uterte den Anwesenden seine Vorstellungen bzw. erkl\u00e4rte, was der Kampfsport Jiu Jitsu darstellt. Mit dem nun gew\u00e4hlten Vorstand mit Vorsitz des Obmannes Franz Kampf sen. wurde um die Genehmigung zur Gr\u00fcndung des Vereins bei der zust\u00e4ndigen Bezirkshauptmannschaft in Neusiedl am See angesucht. Die Gemeinde St. Andr\u00e4 stellte den Allzweckraum der Volksschule als Trainingsraum kostenlos zur Verf\u00fcgung, wo bereits am 7. Mai 1980 mit dem Training begonnen werden konnte. An diesem ersten Trainingstag kamen 115 Personen, davon 70 Kinder. Im August 1980 beschloss der Vorstand im Einvernehmen mit dem Trainer, den Verein beim \u00d6sterreichischen Jiu Jitsu Verband anzumelden, was f\u00fcr die Zulassung zur Teilnahme an Meisterschaften notwendig war.<\/p>\n<p>Im Juli 1981 wurde unter Trainer Georg Pfeffer eine Kampfmannschaft gebildet. 45 Sportler &#8211; Kinder und Erwachsene &#8211; geh\u00f6rten dieser Gruppe an. Schon am 21. Februar 1982 traten 32 K\u00e4mpfer zur Neulingsmeisterschaft im Bundessportzentrum S\u00fcdstadt in der N\u00e4he von Wien an. Insgesamt konnten 21 Medaillen errungen werden: 6 Gold-, 9 Silber- und 6 Bronzemedaillen. Die ersten Sch\u00fclermeister-schaften f\u00fcr Nieder\u00f6sterreich und Burgenland fanden am 31. M\u00e4rz 1982 ebenfalls im Bundessport-zentrum S\u00fcdstadt statt. 18 Teilnehmer errangen 13 Medaillen (4 Gold, 5 Silber und 4 Bronze). Am 4. April 1982 fanden die Nieder\u00f6sterreichischen und Burgenl\u00e4ndischen Meisterschaften der Junioren und Kampfklasse statt. 15 K\u00e4mpfer waren gemeldet. 7 Medaillen (4 Silber- und 3 Bronzemedaillen) konnten errungen werden. Aufgrund konsequenter Arbeit blieben weitere Erfolge nicht aus: 1983 wurden 11 Gold-, 13 Silber- und 20 Bronzemedaillen errungen. 1984 waren es 8 Gold-, 11 Silber- und 9 Bronzemedaillen. Die Erfolge hatten im Laufe der Jahre auch auf nationaler Ebene ihre Fortsetzung. Es wurden bis heute unz\u00e4hlige Landesmeister, Staatsmeister und \u00d6sterreichische Meister hervorgebracht.<\/p>\n<p>Der Verein pr\u00e4sentierte sich bei verschiedenen Veranstaltungen mit Vorf\u00fchrungen, welche von den Zuschauern stets bewundert wurden. 1983 waren die K\u00e4mpfer auch am Frauenkirchner Wiesenfest zu Gast, und begeisterten die Festbesucher von dieser sch\u00f6nen Sportart. Zahlreiche Frauenkirchner nahmen zu diesem Zeitpunkt gemeinsam mit vielen Sportlern aus den umliegenden Gemeinden bereits am Training in St. Andr\u00e4 teil. Am 16. Juni 1984 besuchte der damalige Landeshauptmann Theodor Kery den Verein in St. Andr\u00e4, und er zeigte sich von den Jiu Jitsu-Vorf\u00fchrungen sehr beeindruckt. Aber auch die Medien wurden auf die Sportart Jiu Jitsu aufmerksam und immer mehr sportbegeisterte nahmen am Training teil. Dadurch wurde der Mehrzweckraum der Volksschule St. Andr\u00e4 zu klein und anl\u00e4sslich der Generalversammlung vom 28.01.1992 \u00e4nderte der Verein seinen Sitz. Der Verein \u00fcbersiedelte nach Frauenkirchen und nannte sich fortan Jiu Jitsu Club Shobu Frauenkirchen. Seither wird das Training im Turnsaal der Hauptschule Frauenkirchen durchgef\u00fchrt. Durch die guten r\u00e4umlichen Bedingungen in Frauenkirchen ist der Verein imstande s\u00e4mtliche Meisterschaften des Burgenlandes sowohl im Jiu Jitsu als auch im Judo ausrichten zu k\u00f6nnen.<\/p>\n<p><strong>Die gr\u00f6\u00dften Erfolge<br \/>\n<\/strong>Die zahlreichen Erfolge auf nationaler Ebene wurden auch international fortgesetzt. Unter dieser Zeit erreichten die Sportlerinnen und Sportler aus dem Verein bei den Jiu Jitsu Europameisterschaften in Toledo\/Spanien und in Waldorf\/Deutschland eine Silber und eine Bronzemedaille. 1990 erreichte der Jiu Jitsu Shobu Frauenkirchen mit seinen SportlerInnen in Italien den Jiu Jitsu Europameistertitel. Der H\u00f6hepunkt war aber 1993 als Werner Pfeffer und Sabine Zwinger bei der Jiu Jitsu Weltmeisterschaft in Kopenhagen den 1. Platz erk\u00e4mpfen konnten.<\/p>\n<p><strong>Judo Leistungszentrum Seewinkel<\/strong><br \/>\nIm Jiu Jitsu Club Shobu Frauenkirchen und den anderen Vereinen wurden in den Judo-Sektionen durch talentierte Sportler bei \u00d6sterreichischen Meisterschaften gute Leistungen erbracht (2. und 3. Pl\u00e4tze). Um diese Talente weiter zu f\u00f6rdern, wurden die Sektionen in den Jiu Jitsu-Vereinen aufgel\u00f6st und 1994 das Judo Leistungszentrum Seewinkel gegr\u00fcndet, welches die M\u00f6glichkeit bot, t\u00e4glich mit verschiedenen Partnern \u00e4hnlicher Leistungsst\u00e4rke zu trainieren. Diese Initiative der Vereine erm\u00f6glichte es den Sportlern bei nationalen und internationalen Veranstaltungen, Lehrg\u00e4ngen und Wettk\u00e4mpfen Erfahrung zu sammeln. Auch die Erfolge blieben wie schon beim Jiu Jitsu nicht aus.<\/p>\n<p><strong>Jiu Jitsu und Judo<\/strong><br \/>\nDer Plan, die Sportarten im Bezirk Neusiedl am See zu verbreiten, wurde in die Tat umgesetzt. Im Laufe der Jahre wurden im ganzen Bezirk weitere Vereine gegr\u00fcndet. Bereits 1984 gab es mit Oshiro Gols und Soku Zurndorf zwei weitere Vereine im Bezirk und es wurde der Jiu Jitsu Landesverband Burgenland gegr\u00fcndet. Bis zum heutigem Tag werden in Frauenkirchen, Halbturn, Illmitz, Neusiedl, Parndorf, Wallern und Zurndorf hunderte sportbegeisterte Kinder, Jugendliche und Erwachsene sowohl in Jiu Jitsu als auch in Judo trainiert. Nicht nur allein die sportlichen Erfolge z\u00e4hlen, sondern Freundschaft, Teamgeist, soziale Kompetenz und Kameradschaft werden im Verein von den Trainern und dem Vorstand gef\u00f6rdert.<\/p>\n","protected":false},"excerpt":{"rendered":"<p>Der Jiu Jitsu Club Shobu Frauenkirchen Jiu Jitsu Sport im Burgenland Die Geschichte Am 15. M\u00e4rz 1980 fand die erste Sitzung zur Gr\u00fcndung des Jiu Jitsu Club Shobu St. Andr\u00e4 statt. Der dreifache Staatsmeister Georg Pfeffer erl\u00e4uterte den Anwesenden seine &hellip; <a href=\"https:\/\/www.jiujitsu-frauenkirchen.at\/?page_id=38\">Weiterlesen <span class=\"meta-nav\">&rarr;<\/span><\/a><\/p>\n","protected":false},"author":4,"featured_media":0,"parent":17,"menu_order":0,"comment_status":"closed","ping_status":"closed","template":"","meta":[],"_links":{"self":[{"href":"https:\/\/www.jiujitsu-frauenkirchen.at\/index.php?rest_route=\/wp\/v2\/pages\/38"}],"collection":[{"href":"https:\/\/www.jiujitsu-frauenkirchen.at\/index.php?rest_route=\/wp\/v2\/pages"}],"about":[{"href":"https:\/\/www.jiujitsu-frauenkirchen.at\/index.php?rest_route=\/wp\/v2\/types\/page"}],"author":[{"embeddable":true,"href":"https:\/\/www.jiujitsu-frauenkirchen.at\/index.php?rest_route=\/wp\/v2\/users\/4"}],"replies":[{"embeddable":true,"href":"https:\/\/www.jiujitsu-frauenkirchen.at\/index.php?rest_route=%2Fwp%2Fv2%2Fcomments&post=38"}],"version-history":[{"count":10,"href":"https:\/\/www.jiujitsu-frauenkirchen.at\/index.php?rest_route=\/wp\/v2\/pages\/38\/revisions"}],"predecessor-version":[{"id":1890,"href":"https:\/\/www.jiujitsu-frauenkirchen.at\/index.php?rest_route=\/wp\/v2\/pages\/38\/revisions\/1890"}],"up":[{"embeddable":true,"href":"https:\/\/www.jiujitsu-frauenkirchen.at\/index.php?rest_route=\/wp\/v2\/pages\/17"}],"wp:attachment":[{"href":"https:\/\/www.jiujitsu-frauenkirchen.at\/index.php?rest_route=%2Fwp%2Fv2%2Fmedia&parent=38"}],"curies":[{"name":"wp","href":"https:\/\/api.w.org\/{rel}","templated":true}]}}