{"id":32,"date":"2011-09-17T08:54:14","date_gmt":"2011-09-17T08:54:14","guid":{"rendered":"http:\/\/jiujitsu-frauenkirchen.at\/?page_id=32"},"modified":"2023-10-07T16:02:11","modified_gmt":"2023-10-07T14:02:11","slug":"mitgliederinfo","status":"publish","type":"page","link":"https:\/\/www.jiujitsu-frauenkirchen.at\/?page_id=32","title":{"rendered":"Mitgliederinfo"},"content":{"rendered":"<p>Mitgliedsbeitr\u00e4ge sind auf das Vereinskonto:<\/p>\n<p>Raiffeisen Bezirksbank Neusiedl Ost eGen<\/p>\n<address style=\"text-align: justify;\">IBAN:<span style=\"font-size: revert; font-style: normal;\">AT 813303 800003002375<\/span><\/address>\n<address style=\"text-align: justify;\">BIC:\u00a0 RLBBAT2E038<\/address>\n<address>einzuzahlen<\/address>\n<address>\u00a0<\/address>\n<address>Mitglieder, die in Frauenkirchen zu trainieren beginnen, haben die M\u00f6glichkeit, auch in Neusiedl das Training zu besuchen. Angemeldet sind sie allerdings nur in Frauenkirchen\u00a0 und bezahlen auch nur f\u00fcr diesen Verein einen Mitgliedsbeitrag. Die verschiedenen Trainer kommen auch als \u201eGasttrainer\u201c in den anderen Verein.<\/p>\n<p>Sobald die Sch\u00fcler dementsprechend vorbereitet sind, haben sie die M\u00f6glichkeit an verschiedenen Wettk\u00e4mpfen teilzunehmen. Au\u00dferdem finden j\u00e4hrlich diverse Lehrg\u00e4nge statt, wo sie die Gelegenheit haben, von Meistern verschiedener asiatischer Kampfsportarten zu lernen.<\/p>\n<p>G\u00fcrtelpr\u00fcfungen werden laufend im Verein durchgef\u00fchrt , sind aber auch bei diversen Lehrg\u00e4ngen m\u00f6glich .<\/p>\n<\/address>\n","protected":false},"excerpt":{"rendered":"<p>Mitgliedsbeitr\u00e4ge sind auf das Vereinskonto: Raiffeisen Bezirksbank Neusiedl Ost eGen IBAN:AT 813303 800003002375 BIC:\u00a0 RLBBAT2E038 einzuzahlen \u00a0 Mitglieder, die in Frauenkirchen zu trainieren beginnen, haben die M\u00f6glichkeit, auch in Neusiedl das Training zu besuchen. Angemeldet sind sie allerdings nur in &hellip; <a href=\"https:\/\/www.jiujitsu-frauenkirchen.at\/?page_id=32\">Weiterlesen <span class=\"meta-nav\">&rarr;<\/span><\/a><\/p>\n","protected":false},"author":4,"featured_media":0,"parent":0,"menu_order":4,"comment_status":"closed","ping_status":"closed","template":"","meta":[],"_links":{"self":[{"href":"https:\/\/www.jiujitsu-frauenkirchen.at\/index.php?rest_route=\/wp\/v2\/pages\/32"}],"collection":[{"href":"https:\/\/www.jiujitsu-frauenkirchen.at\/index.php?rest_route=\/wp\/v2\/pages"}],"about":[{"href":"https:\/\/www.jiujitsu-frauenkirchen.at\/index.php?rest_route=\/wp\/v2\/types\/page"}],"author":[{"embeddable":true,"href":"https:\/\/www.jiujitsu-frauenkirchen.at\/index.php?rest_route=\/wp\/v2\/users\/4"}],"replies":[{"embeddable":true,"href":"https:\/\/www.jiujitsu-frauenkirchen.at\/index.php?rest_route=%2Fwp%2Fv2%2Fcomments&post=32"}],"version-history":[{"count":13,"href":"https:\/\/www.jiujitsu-frauenkirchen.at\/index.php?rest_route=\/wp\/v2\/pages\/32\/revisions"}],"predecessor-version":[{"id":1716,"href":"https:\/\/www.jiujitsu-frauenkirchen.at\/index.php?rest_route=\/wp\/v2\/pages\/32\/revisions\/1716"}],"wp:attachment":[{"href":"https:\/\/www.jiujitsu-frauenkirchen.at\/index.php?rest_route=%2Fwp%2Fv2%2Fmedia&parent=32"}],"curies":[{"name":"wp","href":"https:\/\/api.w.org\/{rel}","templated":true}]}}