{"id":17,"date":"2011-09-17T08:15:42","date_gmt":"2011-09-17T08:15:42","guid":{"rendered":"http:\/\/jiujitsu-frauenkirchen.at\/?page_id=17"},"modified":"2021-06-10T09:43:23","modified_gmt":"2021-06-10T07:43:23","slug":"geschichte","status":"publish","type":"page","link":"https:\/\/www.jiujitsu-frauenkirchen.at\/?page_id=17","title":{"rendered":"Geschichte"},"content":{"rendered":"<p>Der Jiu-Jitsu Club Shobu Frauenkirchen wurde urspr\u00fcnglich 1980 von Georg Pfeffer in St. Andr\u00e4 gegr\u00fcndet. Der Verein \u00fcbersiedelte 1992 nach Frauenkirchen.<\/p>\n<p>Im Laufe der letzten 25 Jahre gr\u00fcndete Georg Pfeffer in verschiedenen Orten weitere Vereine. Seine ehemaligen Sch\u00fcler fungieren nach jahrelanger Ausbildung in den Vereinen in Illmitz, Neusiedl und Parndorf als Trainer.<\/p>\n<p>Die Trainer im Verein Frauenkirchen sind Walter Weiss und Gerhard Weiss.<\/p>\n","protected":false},"excerpt":{"rendered":"<p>Der Jiu-Jitsu Club Shobu Frauenkirchen wurde urspr\u00fcnglich 1980 von Georg Pfeffer in St. Andr\u00e4 gegr\u00fcndet. Der Verein \u00fcbersiedelte 1992 nach Frauenkirchen. Im Laufe der letzten 25 Jahre gr\u00fcndete Georg Pfeffer in verschiedenen Orten weitere Vereine. Seine ehemaligen Sch\u00fcler fungieren nach &hellip; <a href=\"https:\/\/www.jiujitsu-frauenkirchen.at\/?page_id=17\">Weiterlesen <span class=\"meta-nav\">&rarr;<\/span><\/a><\/p>\n","protected":false},"author":4,"featured_media":0,"parent":0,"menu_order":3,"comment_status":"closed","ping_status":"closed","template":"","meta":[],"_links":{"self":[{"href":"https:\/\/www.jiujitsu-frauenkirchen.at\/index.php?rest_route=\/wp\/v2\/pages\/17"}],"collection":[{"href":"https:\/\/www.jiujitsu-frauenkirchen.at\/index.php?rest_route=\/wp\/v2\/pages"}],"about":[{"href":"https:\/\/www.jiujitsu-frauenkirchen.at\/index.php?rest_route=\/wp\/v2\/types\/page"}],"author":[{"embeddable":true,"href":"https:\/\/www.jiujitsu-frauenkirchen.at\/index.php?rest_route=\/wp\/v2\/users\/4"}],"replies":[{"embeddable":true,"href":"https:\/\/www.jiujitsu-frauenkirchen.at\/index.php?rest_route=%2Fwp%2Fv2%2Fcomments&post=17"}],"version-history":[{"count":8,"href":"https:\/\/www.jiujitsu-frauenkirchen.at\/index.php?rest_route=\/wp\/v2\/pages\/17\/revisions"}],"predecessor-version":[{"id":1418,"href":"https:\/\/www.jiujitsu-frauenkirchen.at\/index.php?rest_route=\/wp\/v2\/pages\/17\/revisions\/1418"}],"wp:attachment":[{"href":"https:\/\/www.jiujitsu-frauenkirchen.at\/index.php?rest_route=%2Fwp%2Fv2%2Fmedia&parent=17"}],"curies":[{"name":"wp","href":"https:\/\/api.w.org\/{rel}","templated":true}]}}