{"id":13,"date":"2011-09-17T08:08:38","date_gmt":"2011-09-17T08:08:38","guid":{"rendered":"http:\/\/jiujitsu-frauenkirchen.at\/?page_id=13"},"modified":"2021-11-08T15:07:27","modified_gmt":"2021-11-08T13:07:27","slug":"impressum","status":"publish","type":"page","link":"https:\/\/www.jiujitsu-frauenkirchen.at\/?page_id=13","title":{"rendered":"Impressum"},"content":{"rendered":"<p><strong>Jiu Jitsu Club Shobu Frauenkirchen<\/strong><br \/>\nObmann: Thomas Janisch<br \/>\n7132 Frauenkirchen, Semmelweisgasse 2<\/p>\n<p>Mobil 0676 \/ 372 57 96<br \/>\nMail <a href=\"mailto:buchhaltung.janisch@aon.at\">buchhaltung.janisch@aon.at<\/a><\/p>\n<p>ZVR: 460608173<\/p>\n<p><strong>Offenlegung nach \u00a7 25 Mediengesetz l Copyright l Haftung<\/strong><\/p>\n<p>Der Jiu Jitsu Club Shobu Frauenkirchen ist f\u00fcr die inhaltliche Gestaltung der Homepage verantwortlich und ist sowohl Medieninhaber als auch Herausgeber.<\/p>\n<p>Im Hinblick auf die technischen Eigenschaften des Internet kann keine Gew\u00e4hr f\u00fcr die Authentizit\u00e4t, Richtigkeit und Vollst\u00e4ndigkeit der im Internet zur Verf\u00fcgung gestellten Informationen \u00fcbernommen werden. Weiters wird auch keine Gew\u00e4hr f\u00fcr die Verf\u00fcgbarkeit oder den Betrieb der gegenst\u00e4ndlichen Homepage und ihrer Inhalte \u00fcbernommen.<\/p>\n<p>Jede Haftung f\u00fcr unmittelbare, mittelbare oder sonstige Sch\u00e4den, unabh\u00e4ngig von deren Ursachen, die aus der Benutzung oder Nichtverf\u00fcgbarkeit der Daten und Informationen dieser Homepage erwachsen, wird, soweit rechtlich zul\u00e4ssig, ausgeschlossen.<\/p>\n<p>Der Inhalt dieser Homepage ist urheberrechtlich gesch\u00fctzt. Die Informationen sind nur f\u00fcr die pers\u00f6nliche Verwendung bestimmt. Jede weitergehende Nutzung insbesondere die Speicherung in Datenbanken, Vervielf\u00e4ltigung und jede Form von gewerblicher Nutzung sowie die Weitergabe an Dritte \u2013 auch in Teilen oder in \u00fcberarbeiteter Form \u2013 ohne Zustimmung des Jiu Jitsu Club Shobu Frauenkirchen ist untersagt.<\/p>\n<p>Der Jiu Jitsu Club Shobu Frauenkirchen weist darauf hin, dass f\u00fcr die Inhalte der Hyperlinks keine Verantwortung und keine Haftung \u00fcbernommen wird. Jede Einbindung einzelner Seiten oder sonstiger Ausz\u00fcge von www.jiujitsu-frauenkirchen.at in fremde Frames ist untersagt.<\/p>\n<p>Der Jiu Jitsu Club Shobu Frauenkirchen \u00fcberpr\u00fcft andere Webseiten, zu denen sich direkte Zugangsm\u00f6glichkeiten (Links) auf den Internetseiten des Jiu Jitsu Club Shobu Frauenkirchen befinden, nicht hinsichtlich Inhalt und Gesetzm\u00e4\u00dfigkeit. Der Jiu Jitsu Club Shobu Frauenkirchen \u00fcbernimmt keinen Einfluss auf die Gestaltung dieser Webseiten und distanziert sich ausdr\u00fccklich von den dort dargestellten, allenfalls ungesetzlichen Inhalten. Der Jiu Jitsu Club Shobu Frauenkirchen \u00fcbernimmt dar\u00fcber hinaus keine Verantwortung f\u00fcr solche Inhalte und haftet f\u00fcr derartige Inhalte auch nicht.<\/p>\n<p>Alle auf der Website des Jiu Jitsu Club Shobu Frauenkirchen vorkommenden nicht spezifischen Geschlechtsangaben folgen dem Unisex-Prinzip und gelten somit f\u00fcr beide Geschlechter gleicherma\u00dfen.<\/p>\n","protected":false},"excerpt":{"rendered":"<p>Jiu Jitsu Club Shobu Frauenkirchen Obmann: Thomas Janisch 7132 Frauenkirchen, Semmelweisgasse 2 Mobil 0676 \/ 372 57 96 Mail buchhaltung.janisch@aon.at ZVR: 460608173 Offenlegung nach \u00a7 25 Mediengesetz l Copyright l Haftung Der Jiu Jitsu Club Shobu Frauenkirchen ist f\u00fcr die &hellip; <a href=\"https:\/\/www.jiujitsu-frauenkirchen.at\/?page_id=13\">Weiterlesen <span class=\"meta-nav\">&rarr;<\/span><\/a><\/p>\n","protected":false},"author":4,"featured_media":0,"parent":0,"menu_order":5,"comment_status":"closed","ping_status":"closed","template":"","meta":[],"_links":{"self":[{"href":"https:\/\/www.jiujitsu-frauenkirchen.at\/index.php?rest_route=\/wp\/v2\/pages\/13"}],"collection":[{"href":"https:\/\/www.jiujitsu-frauenkirchen.at\/index.php?rest_route=\/wp\/v2\/pages"}],"about":[{"href":"https:\/\/www.jiujitsu-frauenkirchen.at\/index.php?rest_route=\/wp\/v2\/types\/page"}],"author":[{"embeddable":true,"href":"https:\/\/www.jiujitsu-frauenkirchen.at\/index.php?rest_route=\/wp\/v2\/users\/4"}],"replies":[{"embeddable":true,"href":"https:\/\/www.jiujitsu-frauenkirchen.at\/index.php?rest_route=%2Fwp%2Fv2%2Fcomments&post=13"}],"version-history":[{"count":14,"href":"https:\/\/www.jiujitsu-frauenkirchen.at\/index.php?rest_route=\/wp\/v2\/pages\/13\/revisions"}],"predecessor-version":[{"id":1449,"href":"https:\/\/www.jiujitsu-frauenkirchen.at\/index.php?rest_route=\/wp\/v2\/pages\/13\/revisions\/1449"}],"wp:attachment":[{"href":"https:\/\/www.jiujitsu-frauenkirchen.at\/index.php?rest_route=%2Fwp%2Fv2%2Fmedia&parent=13"}],"curies":[{"name":"wp","href":"https:\/\/api.w.org\/{rel}","templated":true}]}}